{"id":2234,"date":"2021-04-13T08:32:13","date_gmt":"2021-04-13T13:32:13","guid":{"rendered":"http:\/\/localhost\/perfectexsas\/?post_type=product&#038;p=2234"},"modified":"2021-06-10T10:46:11","modified_gmt":"2021-06-10T15:46:11","slug":"espiral-negro","status":"publish","type":"product","link":"https:\/\/www.perfectexsas.co\/?product=espiral-negro","title":{"rendered":"Clouds Sock Geek"},"content":{"rendered":"<p>Calcet\u00edn casual larga en algod\u00f3n color blanco con dise\u00f1o de nubes color azul.<\/p>\n<p>Disponible en tallas 10-12<\/p>\n","protected":false},"excerpt":{"rendered":"<p>Estos Calcetines son para que saque el(la) Freaky que hay en ti.<\/p>\n","protected":false},"featured_media":2253,"comment_status":"open","ping_status":"closed","template":"","meta":{"jetpack_publicize_message":"","jetpack_is_tweetstorm":false,"jetpack_publicize_feature_enabled":true,"jetpack_social_post_already_shared":false,"jetpack_social_options":{"image_generator_settings":{"template":"highway","enabled":false}}},"jetpack_publicize_connections":[],"jetpack_sharing_enabled":true,"_links":{"self":[{"href":"https:\/\/www.perfectexsas.co\/index.php?rest_route=\/wp\/v2\/product\/2234"}],"collection":[{"href":"https:\/\/www.perfectexsas.co\/index.php?rest_route=\/wp\/v2\/product"}],"about":[{"href":"https:\/\/www.perfectexsas.co\/index.php?rest_route=\/wp\/v2\/types\/product"}],"replies":[{"embeddable":true,"href":"https:\/\/www.perfectexsas.co\/index.php?rest_route=%2Fwp%2Fv2%2Fcomments&post=2234"}],"wp:featuredmedia":[{"embeddable":true,"href":"https:\/\/www.perfectexsas.co\/index.php?rest_route=\/wp\/v2\/media\/2253"}],"wp:attachment":[{"href":"https:\/\/www.perfectexsas.co\/index.php?rest_route=%2Fwp%2Fv2%2Fmedia&parent=2234"}],"curies":[{"name":"wp","href":"https:\/\/api.w.org\/{rel}","templated":true}]}}