{"id":2410,"date":"2021-04-15T14:42:09","date_gmt":"2021-04-15T19:42:09","guid":{"rendered":"http:\/\/localhost\/perfectexsas\/?post_type=product&#038;p=2410"},"modified":"2021-06-04T16:07:12","modified_gmt":"2021-06-04T21:07:12","slug":"espiral-cycling-calabaza","status":"publish","type":"product","link":"https:\/\/www.perfectexsas.co\/?product=espiral-cycling-calabaza","title":{"rendered":"Calcet\u00edn Espiral Calabaza"},"content":{"rendered":"<p>Calcet\u00edn tipo deportiva larga en nylon 100 azul con dise\u00f1o de calabaza.<\/p>\n<p>Disponible en tallas 10-12<\/p>\n","protected":false},"excerpt":{"rendered":"<p>Perfecto para lucir s\u00faper bien al rodar.<\/p>\n","protected":false},"featured_media":2401,"comment_status":"open","ping_status":"closed","template":"","meta":{"jetpack_publicize_message":"","jetpack_is_tweetstorm":false,"jetpack_publicize_feature_enabled":true,"jetpack_social_post_already_shared":false,"jetpack_social_options":{"image_generator_settings":{"template":"highway","enabled":false}}},"jetpack_publicize_connections":[],"jetpack_sharing_enabled":true,"_links":{"self":[{"href":"https:\/\/www.perfectexsas.co\/index.php?rest_route=\/wp\/v2\/product\/2410"}],"collection":[{"href":"https:\/\/www.perfectexsas.co\/index.php?rest_route=\/wp\/v2\/product"}],"about":[{"href":"https:\/\/www.perfectexsas.co\/index.php?rest_route=\/wp\/v2\/types\/product"}],"replies":[{"embeddable":true,"href":"https:\/\/www.perfectexsas.co\/index.php?rest_route=%2Fwp%2Fv2%2Fcomments&post=2410"}],"wp:featuredmedia":[{"embeddable":true,"href":"https:\/\/www.perfectexsas.co\/index.php?rest_route=\/wp\/v2\/media\/2401"}],"wp:attachment":[{"href":"https:\/\/www.perfectexsas.co\/index.php?rest_route=%2Fwp%2Fv2%2Fmedia&parent=2410"}],"curies":[{"name":"wp","href":"https:\/\/api.w.org\/{rel}","templated":true}]}}