{"id":2527,"date":"2021-05-11T14:08:55","date_gmt":"2021-05-11T19:08:55","guid":{"rendered":"http:\/\/localhost\/perfectexsas\/?post_type=product&#038;p=2527"},"modified":"2021-06-10T10:14:58","modified_gmt":"2021-06-10T15:14:58","slug":"tobillera-corazon-rosa","status":"publish","type":"product","link":"https:\/\/www.perfectexsas.co\/?product=tobillera-corazon-rosa","title":{"rendered":"Tobillera Coraz\u00f3n Rosa"},"content":{"rendered":"<p>Calcet\u00edn tipo tobillera en nylon, color blanco con dise\u00f1o de corazones color rosa.<\/p>\n<p>Disponible en tallas 10-12<\/p>\n","protected":false},"excerpt":{"rendered":"<p>Calcetines para la irreverente que hay en ti.<\/p>\n","protected":false},"featured_media":2528,"comment_status":"open","ping_status":"closed","template":"","meta":{"jetpack_publicize_message":"","jetpack_is_tweetstorm":false,"jetpack_publicize_feature_enabled":true,"jetpack_social_post_already_shared":false,"jetpack_social_options":{"image_generator_settings":{"template":"highway","enabled":false}}},"jetpack_publicize_connections":[],"jetpack_sharing_enabled":true,"_links":{"self":[{"href":"https:\/\/www.perfectexsas.co\/index.php?rest_route=\/wp\/v2\/product\/2527"}],"collection":[{"href":"https:\/\/www.perfectexsas.co\/index.php?rest_route=\/wp\/v2\/product"}],"about":[{"href":"https:\/\/www.perfectexsas.co\/index.php?rest_route=\/wp\/v2\/types\/product"}],"replies":[{"embeddable":true,"href":"https:\/\/www.perfectexsas.co\/index.php?rest_route=%2Fwp%2Fv2%2Fcomments&post=2527"}],"wp:featuredmedia":[{"embeddable":true,"href":"https:\/\/www.perfectexsas.co\/index.php?rest_route=\/wp\/v2\/media\/2528"}],"wp:attachment":[{"href":"https:\/\/www.perfectexsas.co\/index.php?rest_route=%2Fwp%2Fv2%2Fmedia&parent=2527"}],"curies":[{"name":"wp","href":"https:\/\/api.w.org\/{rel}","templated":true}]}}