{"id":2574,"date":"2021-05-12T08:04:15","date_gmt":"2021-05-12T13:04:15","guid":{"rendered":"http:\/\/localhost\/perfectexsas\/?post_type=product&#038;p=2574"},"modified":"2021-07-15T09:09:36","modified_gmt":"2021-07-15T14:09:36","slug":"calcetin-beige-con-rombos","status":"publish","type":"product","link":"https:\/\/www.perfectexsas.co\/?product=calcetin-beige-con-rombos","title":{"rendered":"Calcet\u00edn Beige con Rombos"},"content":{"rendered":"<p>Calcet\u00edn casual en algod\u00f3n en color beige con rombos de color verde, gris, negro y rombo delineado en rojo.<\/p>\n<p>Disponible en tallas 10-12<\/p>\n","protected":false},"excerpt":{"rendered":"<p>Calcetines para que conquistes tus caminos y demuestres de que est\u00e1s hecho.<\/p>\n","protected":false},"featured_media":2580,"comment_status":"open","ping_status":"closed","template":"","meta":{"jetpack_publicize_message":"","jetpack_is_tweetstorm":false,"jetpack_publicize_feature_enabled":true,"jetpack_social_post_already_shared":false,"jetpack_social_options":{"image_generator_settings":{"template":"highway","enabled":false}}},"jetpack_publicize_connections":[],"jetpack_sharing_enabled":true,"_links":{"self":[{"href":"https:\/\/www.perfectexsas.co\/index.php?rest_route=\/wp\/v2\/product\/2574"}],"collection":[{"href":"https:\/\/www.perfectexsas.co\/index.php?rest_route=\/wp\/v2\/product"}],"about":[{"href":"https:\/\/www.perfectexsas.co\/index.php?rest_route=\/wp\/v2\/types\/product"}],"replies":[{"embeddable":true,"href":"https:\/\/www.perfectexsas.co\/index.php?rest_route=%2Fwp%2Fv2%2Fcomments&post=2574"}],"wp:featuredmedia":[{"embeddable":true,"href":"https:\/\/www.perfectexsas.co\/index.php?rest_route=\/wp\/v2\/media\/2580"}],"wp:attachment":[{"href":"https:\/\/www.perfectexsas.co\/index.php?rest_route=%2Fwp%2Fv2%2Fmedia&parent=2574"}],"curies":[{"name":"wp","href":"https:\/\/api.w.org\/{rel}","templated":true}]}}