{"id":2577,"date":"2021-05-12T07:53:50","date_gmt":"2021-05-12T12:53:50","guid":{"rendered":"http:\/\/localhost\/perfectexsas\/?post_type=product&#038;p=2577"},"modified":"2021-07-15T09:16:12","modified_gmt":"2021-07-15T14:16:12","slug":"calcetin-azul-claro-con-rayas","status":"publish","type":"product","link":"https:\/\/www.perfectexsas.co\/?product=calcetin-azul-claro-con-rayas","title":{"rendered":"Calcet\u00edn Azul Claro con Rayas"},"content":{"rendered":"<p>Calcet\u00edn casual en algod\u00f3n en color azul rey con rayas de diferentes colores.<\/p>\n<p>Disponible en tallas 10-12<\/p>\n","protected":false},"excerpt":{"rendered":"<p>Calcetines para que conquistes tus caminos y demuestres de que est\u00e1s hecho.<\/p>\n","protected":false},"featured_media":2578,"comment_status":"open","ping_status":"closed","template":"","meta":{"jetpack_publicize_message":"","jetpack_is_tweetstorm":false,"jetpack_publicize_feature_enabled":true,"jetpack_social_post_already_shared":false,"jetpack_social_options":{"image_generator_settings":{"template":"highway","enabled":false}}},"jetpack_publicize_connections":[],"jetpack_sharing_enabled":true,"_links":{"self":[{"href":"https:\/\/www.perfectexsas.co\/index.php?rest_route=\/wp\/v2\/product\/2577"}],"collection":[{"href":"https:\/\/www.perfectexsas.co\/index.php?rest_route=\/wp\/v2\/product"}],"about":[{"href":"https:\/\/www.perfectexsas.co\/index.php?rest_route=\/wp\/v2\/types\/product"}],"replies":[{"embeddable":true,"href":"https:\/\/www.perfectexsas.co\/index.php?rest_route=%2Fwp%2Fv2%2Fcomments&post=2577"}],"wp:featuredmedia":[{"embeddable":true,"href":"https:\/\/www.perfectexsas.co\/index.php?rest_route=\/wp\/v2\/media\/2578"}],"wp:attachment":[{"href":"https:\/\/www.perfectexsas.co\/index.php?rest_route=%2Fwp%2Fv2%2Fmedia&parent=2577"}],"curies":[{"name":"wp","href":"https:\/\/api.w.org\/{rel}","templated":true}]}}