{"id":3322,"date":"2021-07-15T12:54:25","date_gmt":"2021-07-15T17:54:25","guid":{"rendered":"https:\/\/www.perfectexsas.co\/?post_type=product&#038;p=3322"},"modified":"2021-07-15T12:56:45","modified_gmt":"2021-07-15T17:56:45","slug":"calcetin-gris-y-linea-amarilla","status":"publish","type":"product","link":"https:\/\/www.perfectexsas.co\/?product=calcetin-gris-y-linea-amarilla","title":{"rendered":"Calcet\u00edn Gris y Linea Amarilla"},"content":{"rendered":"<p>Calcet\u00edn casual en algod\u00f3n.<\/p>\n<p>Disponible en tallas 10-12<\/p>\n","protected":false},"excerpt":{"rendered":"<p>Estos Calcetines son para que saque el(la) Freaky que hay en ti.<\/p>\n","protected":false},"featured_media":3321,"comment_status":"open","ping_status":"closed","template":"","meta":{"jetpack_publicize_message":"","jetpack_is_tweetstorm":false,"jetpack_publicize_feature_enabled":true,"jetpack_social_post_already_shared":true,"jetpack_social_options":{"image_generator_settings":{"template":"highway","enabled":false}}},"jetpack_publicize_connections":[],"jetpack_sharing_enabled":true,"_links":{"self":[{"href":"https:\/\/www.perfectexsas.co\/index.php?rest_route=\/wp\/v2\/product\/3322"}],"collection":[{"href":"https:\/\/www.perfectexsas.co\/index.php?rest_route=\/wp\/v2\/product"}],"about":[{"href":"https:\/\/www.perfectexsas.co\/index.php?rest_route=\/wp\/v2\/types\/product"}],"replies":[{"embeddable":true,"href":"https:\/\/www.perfectexsas.co\/index.php?rest_route=%2Fwp%2Fv2%2Fcomments&post=3322"}],"wp:featuredmedia":[{"embeddable":true,"href":"https:\/\/www.perfectexsas.co\/index.php?rest_route=\/wp\/v2\/media\/3321"}],"wp:attachment":[{"href":"https:\/\/www.perfectexsas.co\/index.php?rest_route=%2Fwp%2Fv2%2Fmedia&parent=3322"}],"curies":[{"name":"wp","href":"https:\/\/api.w.org\/{rel}","templated":true}]}}